{"id":13,"date":"2022-12-02T16:26:09","date_gmt":"2022-12-02T16:26:09","guid":{"rendered":"https:\/\/avadawebsites.wpengine.com\/bed-and-breakfast\/contact\/"},"modified":"2025-03-31T13:28:49","modified_gmt":"2025-03-31T13:28:49","slug":"contact","status":"publish","type":"page","link":"https:\/\/orangegroveresidence.com\/fr\/contact","title":{"rendered":"Contactez-nous"},"content":{"rendered":"<div class=\"fusion-fullwidth fullwidth-box fusion-builder-row-1 fusion-flex-container has-pattern-background has-mask-background nonhundred-percent-fullwidth non-hundred-percent-height-scrolling\" style=\"--awb-background-position:left center;--awb-border-radius-top-left:0px;--awb-border-radius-top-right:0px;--awb-border-radius-bottom-right:0px;--awb-border-radius-bottom-left:0px;--awb-padding-top:75px;--awb-padding-bottom:130px;--awb-padding-top-medium:90px;--awb-padding-bottom-medium:90px;--awb-background-color:var(--awb-color2);--awb-flex-wrap:wrap;\" ><div class=\"fusion-builder-row fusion-row fusion-flex-align-items-stretch fusion-flex-justify-content-center fusion-flex-content-wrap\" style=\"max-width:calc( 1200px + 0px );margin-left: calc(-0px \/ 2 );margin-right: calc(-0px \/ 2 );\"><div class=\"fusion-layout-column fusion_builder_column fusion-builder-column-0 fusion_builder_column_1_1 1_1 fusion-flex-column fusion-animated\" style=\"--awb-bg-size:cover;--awb-width-large:100%;--awb-margin-top-large:0px;--awb-spacing-right-large:0px;--awb-margin-bottom-large:100px;--awb-spacing-left-large:0px;--awb-width-medium:100%;--awb-order-medium:0;--awb-spacing-right-medium:0px;--awb-spacing-left-medium:0px;--awb-width-small:100%;--awb-order-small:0;--awb-spacing-right-small:0px;--awb-margin-bottom-small:68px;--awb-spacing-left-small:0px;\" data-animationtype=\"fadeInDown\" data-animationduration=\"0.8\" data-animationdelay=\"0.2\" data-animationoffset=\"top-into-view\"><div class=\"fusion-column-wrapper fusion-column-has-shadow fusion-flex-justify-content-flex-start fusion-content-layout-column\"><i class=\"fb-icon-element-1 fb-icon-element fontawesome-icon bb-flower-1 circle-no\" style=\"--awb-iconcolor:var(--awb-color8);--awb-iconcolor-hover:var(--awb-color8);--awb-font-size:70px;--awb-margin-top:0;--awb-margin-right:0;--awb-margin-bottom:0;--awb-margin-left:0;--awb-align-self:center;\"><\/i><div class=\"fusion-title title fusion-title-1 fusion-sep-none fusion-title-center fusion-title-text fusion-title-size-two\" style=\"--awb-text-color:var(--awb-color8);--awb-margin-bottom-small:20px;\"><h2 class=\"fusion-title-heading title-heading-center\" style=\"margin:0;\">Formulaire<\/h2><\/div><div class=\"fusion-text fusion-text-1 fusion-no-small-visibility fusion-text-no-margin\" style=\"--awb-content-alignment:center;--awb-margin-right:20%;--awb-margin-left:20%;\"><p>Veuillez remplir le formulaire ci-dessous pour vous renseigner sur le prix et la disponibilit\u00e9<\/p>\n<\/div><div class=\"fusion-text fusion-text-2 fusion-no-medium-visibility fusion-no-large-visibility fusion-text-no-margin\" style=\"--awb-content-alignment:center;\"><p>Veuillez remplir le formulaire ci-dessous pour vous renseigner sur le prix et la disponibilit\u00e9<\/p>\n<\/div><\/div><\/div><div class=\"fusion-layout-column fusion_builder_column fusion-builder-column-1 fusion_builder_column_1_2 1_2 fusion-flex-column fusion-animated\" style=\"--awb-bg-position:center center;--awb-bg-size:cover;--awb-width-large:50%;--awb-margin-top-large:0px;--awb-spacing-right-large:0px;--awb-margin-bottom-large:0px;--awb-spacing-left-large:0px;--awb-width-medium:50%;--awb-order-medium:0;--awb-spacing-right-medium:0px;--awb-spacing-left-medium:0px;--awb-width-small:100%;--awb-order-small:0;--awb-spacing-right-small:0px;--awb-spacing-left-small:0px;\" data-animationtype=\"fadeInUp\" data-animationduration=\"0.8\" data-animationoffset=\"top-into-view\"><div class=\"fusion-column-wrapper lazyload fusion-column-has-shadow fusion-flex-justify-content-flex-start fusion-content-layout-column fusion-empty-column-bg-image fusion-column-has-bg-image\" data-bg-url=\"https:\/\/orangegroveresidence.com\/wp-content\/uploads\/2024\/08\/WhatsApp-Image-2024-08-04-at-08.07.15.jpeg\" data-bg=\"https:\/\/orangegroveresidence.com\/wp-content\/uploads\/2024\/08\/WhatsApp-Image-2024-08-04-at-08.07.15.jpeg\"><img decoding=\"async\" class=\"fusion-empty-dims-img-placeholder fusion-no-large-visibility fusion-no-medium-visibility\" alt=\"Quiet holiday villas Algarve, Luxury accommodation rental Algarve, Luxury Vacation rentals Algarve, Luxury villas with pool Algarve, Luxury family retreat villas Algarve, Overwinter stay in the mild Algarve weather, Luxury self-catering villas Algarve, Enjoy super high internet in our luxury villas Algarve, ideal for remote work and enjoy spring weather, Avoid cold, dark and damp northern autumn\/winters with a long stay at our villas\" aria-label=\"WhatsApp Image 2024-08-04 at 08.07.15\" src=\"data:image\/svg+xml,%3Csvg%20xmlns%3D%27http%3A%2F%2Fwww.w3.org%2F2000%2Fsvg%27%20width%3D%271600%27%20height%3D%271200%27%20viewBox%3D%270%200%201600%201200%27%3E%3Crect%20width%3D%271600%27%20height%3D%271200%27%20fill-opacity%3D%220%22%2F%3E%3C%2Fsvg%3E\"><\/div><\/div><div class=\"fusion-layout-column fusion_builder_column fusion-builder-column-2 fusion_builder_column_1_2 1_2 fusion-flex-column fusion-flex-align-self-center fusion-animated\" style=\"--awb-z-index:99999;--awb-padding-top:90px;--awb-padding-right:90px;--awb-padding-bottom:90px;--awb-padding-left:90px;--awb-padding-top-medium:60px;--awb-padding-right-medium:60px;--awb-padding-bottom-medium:60px;--awb-padding-left-medium:60px;--awb-bg-color:var(--awb-color7);--awb-bg-color-hover:var(--awb-color7);--awb-bg-size:cover;--awb-width-large:50%;--awb-margin-top-large:0px;--awb-spacing-right-large:0px;--awb-margin-bottom-large:0px;--awb-spacing-left-large:0px;--awb-width-medium:50%;--awb-order-medium:0;--awb-spacing-right-medium:0px;--awb-spacing-left-medium:0px;--awb-width-small:100%;--awb-order-small:0;--awb-spacing-right-small:0px;--awb-spacing-left-small:0px;\" data-animationtype=\"fadeInUp\" data-animationduration=\"0.8\" data-animationoffset=\"top-into-view\"><div class=\"fusion-column-wrapper fusion-column-has-shadow fusion-flex-justify-content-flex-start fusion-content-layout-column\"><div class=\"fusion-form fusion-form-builder fusion-form-form-wrapper fusion-form-898\" style=\"--awb-tooltip-text-color:#ffffff;--awb-tooltip-background-color:#333333;--awb-form-input-height:55px;--awb-form-bg-color:hsla(var(--awb-color1-h),var(--awb-color1-s),var(--awb-color1-l),calc(var(--awb-color1-a) - 100%));--awb-form-select-bg:var(--awb-color8);--awb-form-placeholder-color:var(--awb-color1);--awb-form-text-color:var(--awb-color1);--awb-form-border-color:hsla(var(--awb-color1-h),var(--awb-color1-s),var(--awb-color1-l),calc(var(--awb-color1-a) - 40%));--awb-form-focus-border-color:var(--awb-color1);--awb-form-focus-border-hover-color:hsla(var(--awb-color1-h),var(--awb-color1-s),var(--awb-color1-l),calc(var(--awb-color1-a) - 50%));\" data-form-id=\"898\" data-config=\"{&quot;form_id&quot;:&quot;898&quot;,&quot;form_post_id&quot;:&quot;898&quot;,&quot;post_id&quot;:13,&quot;form_type&quot;:&quot;ajax&quot;,&quot;confirmation_type&quot;:&quot;message&quot;,&quot;redirect_url&quot;:&quot;&quot;,&quot;redirect_timeout&quot;:&quot;0&quot;,&quot;field_labels&quot;:{&quot;name&quot;:&quot;&quot;,&quot;email&quot;:&quot;&quot;,&quot;guests&quot;:&quot;&quot;,&quot;check_in&quot;:&quot;&quot;,&quot;check_out&quot;:&quot;&quot;,&quot;message&quot;:&quot;&quot;},&quot;field_logics&quot;:{&quot;name&quot;:&quot;&quot;,&quot;email&quot;:&quot;&quot;,&quot;guests&quot;:&quot;&quot;,&quot;check_in&quot;:&quot;&quot;,&quot;check_out&quot;:&quot;&quot;,&quot;message&quot;:&quot;&quot;,&quot;submit_1&quot;:&quot;&quot;,&quot;notice_1&quot;:&quot;&quot;},&quot;field_types&quot;:{&quot;name&quot;:&quot;text&quot;,&quot;email&quot;:&quot;email&quot;,&quot;guests&quot;:&quot;number&quot;,&quot;check_in&quot;:&quot;date&quot;,&quot;check_out&quot;:&quot;date&quot;,&quot;message&quot;:&quot;textarea&quot;,&quot;submit_1&quot;:&quot;submit&quot;,&quot;notice_1&quot;:&quot;notice&quot;},&quot;nonce_method&quot;:&quot;ajax&quot;,&quot;form_views&quot;:&quot;ajax&quot;,&quot;form_views_counting&quot;:&quot;all&quot;}\"><form action=\"https:\/\/orangegroveresidence.com\/fr\/contact\" method=\"post\" class=\"fusion-form fusion-form-898\" data-trp-original-action=\"https:\/\/orangegroveresidence.com\/fr\/contact\"><div class=\"fusion-fullwidth fullwidth-box fusion-builder-row-1-1 fusion-flex-container has-pattern-background has-mask-background nonhundred-percent-fullwidth non-hundred-percent-height-scrolling\" style=\"--awb-border-radius-top-left:0px;--awb-border-radius-top-right:0px;--awb-border-radius-bottom-right:0px;--awb-border-radius-bottom-left:0px;--awb-padding-top:0px;--awb-padding-right:0px;--awb-padding-bottom:0px;--awb-padding-left:0px;--awb-flex-wrap:wrap;\" ><div class=\"fusion-builder-row fusion-row fusion-flex-align-items-flex-start fusion-flex-content-wrap\" style=\"width:calc( 100% + 17px ) !important;max-width:calc( 100% + 17px ) !important;margin-left: calc(-17px \/ 2 );margin-right: calc(-17px \/ 2 );\"><div class=\"fusion-layout-column fusion_builder_column fusion-builder-column-3 fusion_builder_column_1_1 1_1 fusion-flex-column\" style=\"--awb-bg-size:cover;--awb-width-large:100%;--awb-flex-grow:0;--awb-flex-shrink:0;--awb-margin-top-large:0px;--awb-spacing-right-large:8.5px;--awb-margin-bottom-large:0px;--awb-spacing-left-large:8.5px;--awb-width-medium:100%;--awb-order-medium:0;--awb-flex-grow-medium:0;--awb-flex-shrink-medium:0;--awb-spacing-right-medium:8.5px;--awb-spacing-left-medium:8.5px;--awb-width-small:100%;--awb-order-small:0;--awb-flex-grow-small:0;--awb-flex-shrink-small:0;--awb-spacing-right-small:8.5px;--awb-spacing-left-small:8.5px;\"><div class=\"fusion-column-wrapper fusion-column-has-shadow fusion-flex-justify-content-flex-start fusion-content-layout-column\"><div class=\"fusion-form-field fusion-form-text-field fusion-form-label-above\" style=\"\" data-form-id=\"898\"><input type=\"text\" autocomplete=\"off\" name=\"name\" id=\"name\" value=\"\"  class=\"fusion-form-input\" placeholder=\"Nom \" data-holds-private-data=\"false\" minlength=\"0\"\/><\/div><div class=\"fusion-form-field fusion-form-email-field fusion-form-label-above\" style=\"\" data-form-id=\"898\"><input type=\"email\" autocomplete=\"off\" name=\"email\" id=\"email\" value=\"\"  class=\"fusion-form-input\" placeholder=\"Email \" data-holds-private-data=\"false\"\/><\/div><div class=\"fusion-form-field fusion-form-number-field fusion-form-label-above\" style=\"\" data-form-id=\"898\"><input type=\"number\" autocomplete=\"off\" name=\"guests\" id=\"guests\" value=\"\"  class=\"fusion-form-input\" required=\"true\" aria-required=\"true\" placeholder=\"Guests *\" data-holds-private-data=\"false\" min=\"0\" max=\"100\"\/><\/div><div class=\"fusion-form-field fusion-form-date-field fusion-form-label-above\" style=\"\" data-form-id=\"898\"><input autocomplete=\"off\" type=\"date\" data-first-day=\"1\"  data-format=\"\" tabindex=\"\" id=\"check_in\" name=\"check_in\" data-type=\"custom\" value=\"\" data-holds-private-data=\"false\" class=\"fusion-form-input\" required=\"true\" aria-required=\"true\" placeholder=\"Check in date *\"\/><\/div><div class=\"fusion-form-field fusion-form-date-field fusion-form-label-above\" style=\"\" data-form-id=\"898\"><input autocomplete=\"off\" type=\"date\" data-first-day=\"1\"  data-format=\"\" tabindex=\"\" id=\"check_out\" name=\"check_out\" data-type=\"custom\" value=\"\" data-holds-private-data=\"false\" class=\"fusion-form-input\" required=\"true\" aria-required=\"true\" placeholder=\"Check out date *\"\/><\/div><div class=\"fusion-form-field fusion-form-textarea-field fusion-form-label-above\" style=\"\" data-form-id=\"898\"><textarea cols=\"40\" autocomplete=\"off\"  minlength=\"0\"  rows=\"4\" tabindex=\"\" id=\"message\" name=\"message\" class=\"fusion-form-input\" placeholder=\"Message \" data-holds-private-data=\"false\"><\/textarea><\/div><div class=\"fusion-form-field fusion-form-submit-field fusion-form-label-above\" style=\"\" data-form-id=\"898\"><div ><button type=\"submit\" class=\"fusion-button button-flat fusion-button-default-size button-custom fusion-button-default button-1 fusion-button-span-yes  button-default form-form-submit\" style=\"--button_accent_color:var(--awb-color8);--button_accent_hover_color:var(--awb-color1);--button_border_hover_color:var(--awb-color1);--button_gradient_top_color:var(--awb-color1);--button_gradient_bottom_color:var(--awb-color1);--button_gradient_top_color_hover:hsla(var(--awb-color5-h),calc(var(--awb-color5-s) - 5%),calc(var(--awb-color5-l) - 10%),var(--awb-color5-a));--button_gradient_bottom_color_hover:hsla(var(--awb-color5-h),calc(var(--awb-color5-s) - 5%),calc(var(--awb-color5-l) - 10%),var(--awb-color5-a));--button_padding-top:14px;--button_padding-bottom:14px;\" data-hover=\"text_slide_up\" data-form-number=\"898\" tabindex=\"\"><div class=\"awb-button-text-transition  awb-button__hover-content--centered\"><span class=\"fusion-button-text awb-button__text awb-button__text--default\">Demander une r\u00e9servation<\/span><span class=\"fusion-button-text awb-button__text awb-button__text--default\">Demander une r\u00e9servation<\/span><\/div><\/button><\/div><\/div><div class=\"form-submission-notices data-notice_1\" id=\"fusion-notices-1\"><div class=\"fusion-alert alert success alert-success fusion-alert-center fusion-form-response fusion-form-response-success awb-alert-native-link-color alert-dismissable awb-alert-close-boxed\" role=\"alert\"><div class=\"fusion-alert-content-wrapper\"><span class=\"alert-icon\"><i class=\"awb-icon-check-circle\" aria-hidden=\"true\"><\/i><\/span><span class=\"fusion-alert-content\">Thank you for your message. It has been sent.<\/span><\/div><button type=\"button\" class=\"close toggle-alert\" data-dismiss=\"alert\" aria-label=\"Close\">&times;<\/button><\/div><div class=\"fusion-alert alert error alert-danger fusion-alert-center fusion-form-response fusion-form-response-error awb-alert-native-link-color alert-dismissable awb-alert-close-boxed\" role=\"alert\"><div class=\"fusion-alert-content-wrapper\"><span class=\"alert-icon\"><i class=\"awb-icon-exclamation-triangle\" aria-hidden=\"true\"><\/i><\/span><span class=\"fusion-alert-content\">There was an error trying to send your message. Please try again later.<\/span><\/div><button type=\"button\" class=\"close toggle-alert\" data-dismiss=\"alert\" aria-label=\"Close\">&times;<\/button><\/div><\/div><\/div><\/div><\/div><\/div><input type=\"hidden\" name=\"trp-form-language\" value=\"fr\"\/><\/form><\/div><\/div><\/div><div class=\"fusion-layout-column fusion_builder_column fusion-builder-column-4 fusion_builder_column_1_1 1_1 fusion-flex-column fusion-animated\" style=\"--awb-bg-size:cover;--awb-width-large:100%;--awb-flex-grow:0;--awb-flex-shrink:0;--awb-margin-top-large:100px;--awb-spacing-right-large:0px;--awb-margin-bottom-large:59px;--awb-spacing-left-large:0px;--awb-width-medium:100%;--awb-order-medium:0;--awb-flex-grow-medium:0;--awb-flex-shrink-medium:0;--awb-spacing-right-medium:0px;--awb-spacing-left-medium:0px;--awb-width-small:100%;--awb-order-small:0;--awb-flex-grow-small:0;--awb-flex-shrink-small:0;--awb-spacing-right-small:0px;--awb-margin-bottom-small:68px;--awb-spacing-left-small:0px;\" data-animationtype=\"fadeInDown\" data-animationduration=\"0.8\" data-animationdelay=\"0.2\" data-animationoffset=\"top-into-view\"><div class=\"fusion-column-wrapper fusion-column-has-shadow fusion-flex-justify-content-flex-start fusion-content-layout-column\"><div class=\"fusion-title title fusion-title-2 fusion-sep-none fusion-title-center fusion-title-text fusion-title-size-two\" style=\"--awb-text-color:var(--awb-color8);--awb-margin-bottom-small:20px;\"><h2 class=\"fusion-title-heading title-heading-center\" style=\"margin:0;\">Comment nous trouver<\/h2><\/div><div class=\"fusion-text fusion-text-3 fusion-no-small-visibility fusion-text-no-margin\" style=\"--awb-content-alignment:center;--awb-margin-right:20%;--awb-margin-left:20%;\"><p>La r\u00e9sidence Orange Grove est situ\u00e9e \u00e0 la sortie de la N124, \u00e0 environ \n3 km \u00e0 l'est de Silves.<\/p>\n<\/div><div class=\"fusion-text fusion-text-4 fusion-no-medium-visibility fusion-no-large-visibility fusion-text-no-margin\" style=\"--awb-content-alignment:center;\"><p>La r\u00e9sidence Orange Grove est situ\u00e9e \u00e0 la sortie de la N124, \u00e0 environ \n3 km \u00e0 l'est de Silves.<\/p>\n<\/div><\/div><\/div><div class=\"fusion-layout-column fusion_builder_column fusion-builder-column-5 fusion_builder_column_1_1 1_1 fusion-flex-column\" style=\"--awb-padding-top:20px;--awb-padding-right:20px;--awb-padding-bottom:20px;--awb-padding-left:20px;--awb-bg-color:var(--awb-color1);--awb-bg-color-hover:var(--awb-color1);--awb-bg-size:cover;--awb-width-large:100%;--awb-flex-grow:0;--awb-flex-shrink:0;--awb-margin-top-large:0px;--awb-spacing-right-large:0px;--awb-margin-bottom-large:0px;--awb-spacing-left-large:0px;--awb-width-medium:100%;--awb-order-medium:0;--awb-flex-grow-medium:0;--awb-flex-shrink-medium:0;--awb-spacing-right-medium:0px;--awb-spacing-left-medium:0px;--awb-width-small:100%;--awb-order-small:0;--awb-flex-grow-small:0;--awb-flex-shrink-small:0;--awb-spacing-right-small:0px;--awb-spacing-left-small:0px;\"><div class=\"fusion-column-wrapper fusion-column-has-shadow fusion-flex-justify-content-flex-start fusion-content-layout-column\"><div style=\"--awb-height:400px;--awb-popup-title-font-size:var(--awb-typography3-font-size);--awb-popup-title-line-height:var(--awb-typography3-line-height);--awb-popup-title-letter-spacing:var(--awb-typography3-letter-spacing);--awb-popup-title-text-transform:var(--awb-typography3-text-transform);--awb-popup-title-margin-top:0px;--awb-popup-title-margin-bottom:5px;--awb-popup-content-font-size:var(--awb-typography5-font-size);--awb-popup-content-line-height:var(--awb-typography5-line-height);--awb-popup-content-letter-spacing:var(--awb-typography5-letter-spacing);--awb-popup-content-text-transform:var(--awb-typography5-text-transform);--awb-popup-title-font-family:var(--awb-typography3-font-family);--awb-popup-title-font-weight:var(--awb-typography3-font-weight);--awb-popup-title-font-style:var(--awb-typography3-font-style);--awb-popup-content-font-family:var(--awb-typography5-font-family);--awb-popup-content-font-weight:var(--awb-typography5-font-weight);--awb-popup-content-font-style:var(--awb-typography5-font-style);\" class=\"awb-openstreet-map awb-openstreet-map-1\" data-map-style=\"osm-carto\" data-map-type=\"marker\" data-zoom=\"14\" data-zoomsnap=\"1\" data-zoomcontrol=\"1\" data-scrollwheelzoom=\"1\" data-dragging=\"1\" data-touchzoom=\"1\" data-dbclickzoom=\"1\" data-fitbounds=\"1\" data-shape-color=\"rgba(188,63,49,1)\" data-shape-weight=\"3\"><div class=\"awb-openstreet-map-marker awb-openstreet-map-marker-1\" data-latitude=\"37.2105624\" data-longitude=\"-8.3944364\" data-icon=\"bb-hotel\" data-action=\"popup\"><div class=\"awb-openstreet-map-marker-icon-wrapper\" style=\"--awb-hover-background-color:var(--awb-color6);\"><i class=\"bb-hotel\"><\/i><\/div><div class=\"awb-openstreet-map-content-wrapper\"><h5 class=\"awb-openstreet-map-marker-title\">Our Residence<\/h5><\/div><\/div><\/div><\/div><\/div><\/div><\/div>","protected":false},"excerpt":{"rendered":"","protected":false},"author":1,"featured_media":0,"parent":0,"menu_order":0,"comment_status":"closed","ping_status":"closed","template":"100-width.php","meta":{"footnotes":""},"class_list":["post-13","page","type-page","status-publish","hentry"],"yoast_head":"<!-- This site is optimized with the Yoast SEO plugin v27.4 - https:\/\/yoast.com\/product\/yoast-seo-wordpress\/ -->\n<title>Contact - Orange Grove Residence<\/title>\n<meta name=\"description\" content=\"Contact us today for your holiday villa rentals in the Algarve.\" \/>\n<meta name=\"robots\" content=\"index, follow, max-snippet:-1, max-image-preview:large, max-video-preview:-1\" \/>\n<link rel=\"canonical\" href=\"https:\/\/orangegroveresidence.com\/fr\/contact\/\" \/>\n<meta property=\"og:locale\" content=\"fr_FR\" \/>\n<meta property=\"og:type\" content=\"article\" \/>\n<meta property=\"og:title\" content=\"Contact - Orange Grove Residence\" \/>\n<meta property=\"og:description\" content=\"Contact us today for your holiday villa rentals in the Algarve.\" \/>\n<meta property=\"og:url\" content=\"https:\/\/orangegroveresidence.com\/fr\/contact\/\" \/>\n<meta property=\"og:site_name\" content=\"Orange Grove Residence\" \/>\n<meta property=\"article:modified_time\" content=\"2025-03-31T13:28:49+00:00\" \/>\n<meta property=\"og:image\" content=\"https:\/\/orangegroveresidence.com\/wp-content\/uploads\/2023\/08\/ogrlogo2-e1691149589908.png\" \/>\n\t<meta property=\"og:image:width\" content=\"424\" \/>\n\t<meta property=\"og:image:height\" content=\"147\" \/>\n\t<meta property=\"og:image:type\" content=\"image\/png\" \/>\n<meta name=\"twitter:card\" content=\"summary_large_image\" \/>\n<meta name=\"twitter:label1\" content=\"Dur\u00e9e de lecture estim\u00e9e\" \/>\n\t<meta name=\"twitter:data1\" content=\"1 minute\" \/>\n<script type=\"application\/ld+json\" class=\"yoast-schema-graph\">{\"@context\":\"https:\\\/\\\/schema.org\",\"@graph\":[{\"@type\":[\"WebPage\",\"ContactPage\"],\"@id\":\"https:\\\/\\\/orangegroveresidence.com\\\/contact\",\"url\":\"https:\\\/\\\/orangegroveresidence.com\\\/contact\",\"name\":\"Contact - Orange Grove Residence\",\"isPartOf\":{\"@id\":\"https:\\\/\\\/orangegroveresidence.com\\\/#website\"},\"datePublished\":\"2022-12-02T16:26:09+00:00\",\"dateModified\":\"2025-03-31T13:28:49+00:00\",\"description\":\"Contact us today for your holiday villa rentals in the Algarve.\",\"breadcrumb\":{\"@id\":\"https:\\\/\\\/orangegroveresidence.com\\\/contact#breadcrumb\"},\"inLanguage\":\"fr-FR\",\"potentialAction\":[{\"@type\":\"ReadAction\",\"target\":[\"https:\\\/\\\/orangegroveresidence.com\\\/contact\"]}]},{\"@type\":\"BreadcrumbList\",\"@id\":\"https:\\\/\\\/orangegroveresidence.com\\\/contact#breadcrumb\",\"itemListElement\":[{\"@type\":\"ListItem\",\"position\":1,\"name\":\"Home\",\"item\":\"https:\\\/\\\/orangegroveresidence.com\\\/\"},{\"@type\":\"ListItem\",\"position\":2,\"name\":\"Contact\"}]},{\"@type\":\"WebSite\",\"@id\":\"https:\\\/\\\/orangegroveresidence.com\\\/#website\",\"url\":\"https:\\\/\\\/orangegroveresidence.com\\\/\",\"name\":\"Orange Grove Residence\",\"description\":\"\",\"publisher\":{\"@id\":\"https:\\\/\\\/orangegroveresidence.com\\\/#organization\"},\"potentialAction\":[{\"@type\":\"SearchAction\",\"target\":{\"@type\":\"EntryPoint\",\"urlTemplate\":\"https:\\\/\\\/orangegroveresidence.com\\\/?s={search_term_string}\"},\"query-input\":{\"@type\":\"PropertyValueSpecification\",\"valueRequired\":true,\"valueName\":\"search_term_string\"}}],\"inLanguage\":\"fr-FR\"},{\"@type\":\"Organization\",\"@id\":\"https:\\\/\\\/orangegroveresidence.com\\\/#organization\",\"name\":\"Orange Grove Residence\",\"url\":\"https:\\\/\\\/orangegroveresidence.com\\\/\",\"logo\":{\"@type\":\"ImageObject\",\"inLanguage\":\"fr-FR\",\"@id\":\"https:\\\/\\\/orangegroveresidence.com\\\/#\\\/schema\\\/logo\\\/image\\\/\",\"url\":\"https:\\\/\\\/orangegroveresidence.com\\\/wp-content\\\/uploads\\\/2023\\\/08\\\/ogrlogo2-e1691149589908.png\",\"contentUrl\":\"https:\\\/\\\/orangegroveresidence.com\\\/wp-content\\\/uploads\\\/2023\\\/08\\\/ogrlogo2-e1691149589908.png\",\"width\":424,\"height\":147,\"caption\":\"Orange Grove Residence\"},\"image\":{\"@id\":\"https:\\\/\\\/orangegroveresidence.com\\\/#\\\/schema\\\/logo\\\/image\\\/\"}}]}<\/script>\n<!-- \/ Yoast SEO plugin. -->","yoast_head_json":{"title":"Contact - Orange Grove Residence","description":"Contact us today for your holiday villa rentals in the Algarve.","robots":{"index":"index","follow":"follow","max-snippet":"max-snippet:-1","max-image-preview":"max-image-preview:large","max-video-preview":"max-video-preview:-1"},"canonical":"https:\/\/orangegroveresidence.com\/fr\/contact\/","og_locale":"fr_FR","og_type":"article","og_title":"Contact - Orange Grove Residence","og_description":"Contact us today for your holiday villa rentals in the Algarve.","og_url":"https:\/\/orangegroveresidence.com\/fr\/contact\/","og_site_name":"Orange Grove Residence","article_modified_time":"2025-03-31T13:28:49+00:00","og_image":[{"width":424,"height":147,"url":"https:\/\/orangegroveresidence.com\/wp-content\/uploads\/2023\/08\/ogrlogo2-e1691149589908.png","type":"image\/png"}],"twitter_card":"summary_large_image","twitter_misc":{"Dur\u00e9e de lecture estim\u00e9e":"1 minute"},"schema":{"@context":"https:\/\/schema.org","@graph":[{"@type":["WebPage","ContactPage"],"@id":"https:\/\/orangegroveresidence.com\/contact","url":"https:\/\/orangegroveresidence.com\/contact","name":"Contact - Orange Grove Residence","isPartOf":{"@id":"https:\/\/orangegroveresidence.com\/#website"},"datePublished":"2022-12-02T16:26:09+00:00","dateModified":"2025-03-31T13:28:49+00:00","description":"Contact us today for your holiday villa rentals in the Algarve.","breadcrumb":{"@id":"https:\/\/orangegroveresidence.com\/contact#breadcrumb"},"inLanguage":"fr-FR","potentialAction":[{"@type":"ReadAction","target":["https:\/\/orangegroveresidence.com\/contact"]}]},{"@type":"BreadcrumbList","@id":"https:\/\/orangegroveresidence.com\/contact#breadcrumb","itemListElement":[{"@type":"ListItem","position":1,"name":"Home","item":"https:\/\/orangegroveresidence.com\/"},{"@type":"ListItem","position":2,"name":"Contact"}]},{"@type":"WebSite","@id":"https:\/\/orangegroveresidence.com\/#website","url":"https:\/\/orangegroveresidence.com\/","name":"Orange Grove Residence","description":"","publisher":{"@id":"https:\/\/orangegroveresidence.com\/#organization"},"potentialAction":[{"@type":"SearchAction","target":{"@type":"EntryPoint","urlTemplate":"https:\/\/orangegroveresidence.com\/?s={search_term_string}"},"query-input":{"@type":"PropertyValueSpecification","valueRequired":true,"valueName":"search_term_string"}}],"inLanguage":"fr-FR"},{"@type":"Organization","@id":"https:\/\/orangegroveresidence.com\/#organization","name":"Orange Grove Residence","url":"https:\/\/orangegroveresidence.com\/","logo":{"@type":"ImageObject","inLanguage":"fr-FR","@id":"https:\/\/orangegroveresidence.com\/#\/schema\/logo\/image\/","url":"https:\/\/orangegroveresidence.com\/wp-content\/uploads\/2023\/08\/ogrlogo2-e1691149589908.png","contentUrl":"https:\/\/orangegroveresidence.com\/wp-content\/uploads\/2023\/08\/ogrlogo2-e1691149589908.png","width":424,"height":147,"caption":"Orange Grove Residence"},"image":{"@id":"https:\/\/orangegroveresidence.com\/#\/schema\/logo\/image\/"}}]}},"_links":{"self":[{"href":"https:\/\/orangegroveresidence.com\/fr\/wp-json\/wp\/v2\/pages\/13","targetHints":{"allow":["GET"]}}],"collection":[{"href":"https:\/\/orangegroveresidence.com\/fr\/wp-json\/wp\/v2\/pages"}],"about":[{"href":"https:\/\/orangegroveresidence.com\/fr\/wp-json\/wp\/v2\/types\/page"}],"author":[{"embeddable":true,"href":"https:\/\/orangegroveresidence.com\/fr\/wp-json\/wp\/v2\/users\/1"}],"replies":[{"embeddable":true,"href":"https:\/\/orangegroveresidence.com\/fr\/wp-json\/wp\/v2\/comments?post=13"}],"version-history":[{"count":10,"href":"https:\/\/orangegroveresidence.com\/fr\/wp-json\/wp\/v2\/pages\/13\/revisions"}],"predecessor-version":[{"id":1519,"href":"https:\/\/orangegroveresidence.com\/fr\/wp-json\/wp\/v2\/pages\/13\/revisions\/1519"}],"wp:attachment":[{"href":"https:\/\/orangegroveresidence.com\/fr\/wp-json\/wp\/v2\/media?parent=13"}],"curies":[{"name":"wp","href":"https:\/\/api.w.org\/{rel}","templated":true}]}}